{"id":107,"date":"2026-03-21T16:45:25","date_gmt":"2026-03-21T15:45:25","guid":{"rendered":"http:\/\/solida-asso.org\/?page_id=107"},"modified":"2026-04-02T07:43:37","modified_gmt":"2026-04-02T05:43:37","slug":"notre-equipe","status":"publish","type":"page","link":"https:\/\/solida-asso.org\/?page_id=107","title":{"rendered":"Notre \u00e9quipe"},"content":{"rendered":"\n<figure class=\"wp-block-image size-large\"><img loading=\"lazy\" decoding=\"async\" width=\"1024\" height=\"265\" src=\"https:\/\/solida-asso.org\/wp-content\/uploads\/2026\/04\/Photo-equipe-2026-1-1024x265.jpg\" alt=\"\" class=\"wp-image-125\" srcset=\"https:\/\/solida-asso.org\/wp-content\/uploads\/2026\/04\/Photo-equipe-2026-1-1024x265.jpg 1024w, https:\/\/solida-asso.org\/wp-content\/uploads\/2026\/04\/Photo-equipe-2026-1-300x78.jpg 300w, https:\/\/solida-asso.org\/wp-content\/uploads\/2026\/04\/Photo-equipe-2026-1-768x199.jpg 768w, https:\/\/solida-asso.org\/wp-content\/uploads\/2026\/04\/Photo-equipe-2026-1-1536x398.jpg 1536w, https:\/\/solida-asso.org\/wp-content\/uploads\/2026\/04\/Photo-equipe-2026-1-2048x530.jpg 2048w\" sizes=\"auto, (max-width: 1024px) 100vw, 1024px\" \/><\/figure>\n\n\n\n<p>A l&rsquo;origine \u00ab\u00a0Les Amis de Handicap International\u00a0\u00bb, notre association a modifi\u00e9 son objet social et son nom en d\u00e9cembre 2025. Avec cette transformation, notre association lyonnaise a souhait\u00e9 faire \u00e9voluer ses missions et franchir une nouvelle \u00e9tape dans son d\u00e9veloppement.<br><\/p>\n\n\n\n<h2 class=\"wp-block-heading\">Notre conseil d&rsquo;administration :<\/h2>\n\n\n\n<figure class=\"wp-block-image size-large is-resized\"><img loading=\"lazy\" decoding=\"async\" width=\"1024\" height=\"683\" src=\"https:\/\/solida-asso.org\/wp-content\/uploads\/2026\/04\/2026-03-31-Soiree-SOLIDA-1658-1024x683.jpg\" alt=\"\" class=\"wp-image-126\" style=\"width:364px;height:auto\" srcset=\"https:\/\/solida-asso.org\/wp-content\/uploads\/2026\/04\/2026-03-31-Soiree-SOLIDA-1658-1024x683.jpg 1024w, https:\/\/solida-asso.org\/wp-content\/uploads\/2026\/04\/2026-03-31-Soiree-SOLIDA-1658-300x200.jpg 300w, https:\/\/solida-asso.org\/wp-content\/uploads\/2026\/04\/2026-03-31-Soiree-SOLIDA-1658-768x512.jpg 768w, https:\/\/solida-asso.org\/wp-content\/uploads\/2026\/04\/2026-03-31-Soiree-SOLIDA-1658-1536x1024.jpg 1536w, https:\/\/solida-asso.org\/wp-content\/uploads\/2026\/04\/2026-03-31-Soiree-SOLIDA-1658-2048x1365.jpg 2048w\" sizes=\"auto, (max-width: 1024px) 100vw, 1024px\" \/><\/figure>\n\n\n\n<ul class=\"wp-block-list\">\n<li><strong>Pr\u00e9sident<\/strong> : Philippe R\u00e9gnoux<\/li>\n\n\n\n<li><strong>Secr\u00e9taire g\u00e9n\u00e9rale<\/strong> : Brigitte Honegger<\/li>\n\n\n\n<li><strong>Tr\u00e9sori\u00e8re<\/strong> : Marie-Dominique Pelen<\/li>\n<\/ul>\n\n\n\n<h2 class=\"wp-block-heading\">Nos comit\u00e9s de travail :<\/h2>\n\n\n\n<ul class=\"wp-block-list\">\n<li><strong>Comit\u00e9 S\u00e9lection de Projets<\/strong> : \n<ul class=\"wp-block-list\">\n<li>Emmanuel Flory<\/li>\n\n\n\n<li>Brigitte Hiairrassary<\/li>\n\n\n\n<li>Genevi\u00e8ve Watine<\/li>\n<\/ul>\n<\/li>\n\n\n\n<li><strong>Comit\u00e9 Ev\u00e9nements<\/strong> :\n<ul class=\"wp-block-list\">\n<li>Xavier Ducrest<\/li>\n\n\n\n<li>Marie-No\u00eblle Leynaud-Kieffer<\/li>\n\n\n\n<li>Simon-Pierre Tonetti<\/li>\n<\/ul>\n<\/li>\n\n\n\n<li><strong>Comit\u00e9 Campagne<\/strong> :\n<ul class=\"wp-block-list\">\n<li>Arianna Pagani<\/li>\n\n\n\n<li>Pascale Menard<\/li>\n\n\n\n<li>Philippe Regnoux<\/li>\n<\/ul>\n<\/li>\n<\/ul>\n\n\n\n<p><\/p>\n","protected":false},"excerpt":{"rendered":"<p>A l&rsquo;origine \u00ab\u00a0Les Amis de Handicap International\u00a0\u00bb, notre association a modifi\u00e9 son objet social et son nom en d\u00e9cembre 2025. Avec cette transformation, notre association lyonnaise a souhait\u00e9 faire \u00e9voluer ses missions et franchir une nouvelle \u00e9tape dans son d\u00e9veloppement. Notre conseil d&rsquo;administration : Nos comit\u00e9s de travail :<\/p>\n","protected":false},"author":1,"featured_media":0,"parent":0,"menu_order":0,"comment_status":"closed","ping_status":"closed","template":"","meta":{"footnotes":""},"class_list":["post-107","page","type-page","status-publish","hentry"],"_links":{"self":[{"href":"https:\/\/solida-asso.org\/index.php?rest_route=\/wp\/v2\/pages\/107","targetHints":{"allow":["GET"]}}],"collection":[{"href":"https:\/\/solida-asso.org\/index.php?rest_route=\/wp\/v2\/pages"}],"about":[{"href":"https:\/\/solida-asso.org\/index.php?rest_route=\/wp\/v2\/types\/page"}],"author":[{"embeddable":true,"href":"https:\/\/solida-asso.org\/index.php?rest_route=\/wp\/v2\/users\/1"}],"replies":[{"embeddable":true,"href":"https:\/\/solida-asso.org\/index.php?rest_route=%2Fwp%2Fv2%2Fcomments&post=107"}],"version-history":[{"count":6,"href":"https:\/\/solida-asso.org\/index.php?rest_route=\/wp\/v2\/pages\/107\/revisions"}],"predecessor-version":[{"id":128,"href":"https:\/\/solida-asso.org\/index.php?rest_route=\/wp\/v2\/pages\/107\/revisions\/128"}],"wp:attachment":[{"href":"https:\/\/solida-asso.org\/index.php?rest_route=%2Fwp%2Fv2%2Fmedia&parent=107"}],"curies":[{"name":"wp","href":"https:\/\/api.w.org\/{rel}","templated":true}]}}