{"id":2,"date":"2026-02-28T10:26:14","date_gmt":"2026-02-28T09:26:14","guid":{"rendered":"http:\/\/solida-asso.org\/?page_id=2"},"modified":"2026-03-23T15:43:17","modified_gmt":"2026-03-23T14:43:17","slug":"page-d-exemple","status":"publish","type":"page","link":"https:\/\/solida-asso.org\/?page_id=2","title":{"rendered":"Notre mission"},"content":{"rendered":"\n<figure class=\"wp-block-image size-large is-resized\"><img loading=\"lazy\" decoding=\"async\" width=\"2048\" height=\"1152\" src=\"https:\/\/solida-asso.org\/wp-content\/uploads\/2026\/03\/GENS-QUI-SE-MOBILISENT-edited.jpg\" alt=\"\" class=\"wp-image-100\" style=\"object-fit:cover;width:1920px;height:200px\" srcset=\"https:\/\/solida-asso.org\/wp-content\/uploads\/2026\/03\/GENS-QUI-SE-MOBILISENT-edited.jpg 2048w, https:\/\/solida-asso.org\/wp-content\/uploads\/2026\/03\/GENS-QUI-SE-MOBILISENT-edited-300x169.jpg 300w, https:\/\/solida-asso.org\/wp-content\/uploads\/2026\/03\/GENS-QUI-SE-MOBILISENT-edited-1024x576.jpg 1024w, https:\/\/solida-asso.org\/wp-content\/uploads\/2026\/03\/GENS-QUI-SE-MOBILISENT-edited-768x432.jpg 768w, https:\/\/solida-asso.org\/wp-content\/uploads\/2026\/03\/GENS-QUI-SE-MOBILISENT-edited-1536x864.jpg 1536w\" sizes=\"auto, (max-width: 2048px) 100vw, 2048px\" \/><\/figure>\n\n\n\n<h2 class=\"wp-block-heading\">Solidaire des solidaires<\/h2>\n\n\n\n<p>La r\u00e9alit\u00e9 actuelle est pr\u00e9occupante pour le milieu associatif avec un budget national actuellement dans l\u2019impasse et la baisse annonc\u00e9e des subventions publiques qui pourrait atteindre 40%.<br><br>Ce sont pr\u00e8s de 1,4 million de structures qui sont menac\u00e9es \u00e0 l\u2019\u00e9chelle du pays, soit pr\u00e8s de deux millions de salari\u00e9s. Le poids social est \u00e9norme et pourrait affecter gravement le fonctionnement des services \u00e0 la personne dans les prochains mois.<\/p>\n\n\n\n<blockquote class=\"wp-block-quote is-layout-flow wp-block-quote-is-layout-flow\">\n<p>1,4 million de structures associatives menac\u00e9es en France<\/p>\n<\/blockquote>\n\n\n\n<p><a href=\"https:\/\/www.linkedin.com\/company\/lemouvementassociatif\/\">Le Mouvement associatif<\/a>, dans une enqu\u00eate r\u00e9alis\u00e9e au printemps dernier, indique que 23% des associations envisagent de r\u00e9duire leur masse salariale en 2026, et que pr\u00e8s de 1000 structures ont d\u00e9j\u00e0 mis la clef sous la porte rien que l\u2019an dernier.<\/p>\n\n\n\n<p>La part des subventions publiques dans les ressources des associations a fortement chut\u00e9 de \u201341 % en 20 ans\u00a0!<\/p>\n\n\n\n<p>&#8211; 1 asso sur 5 subit une baisse sup\u00e9rieure \u00e0 20 %<br>&#8211; Environ 45 % des subventions attribu\u00e9es sont en baisse.<br><br>L\u2019urgence de la situation appelle une r\u00e9ponse \u00e0 la hauteur de l\u2019enjeu, qui n\u2019est ni plus ni moins que le d\u00e9litement de notre tissu social. Nous devons \u00eatre solidaires des organismes qui remplissent une mission solidaire d\u2019int\u00e9r\u00eat g\u00e9n\u00e9ral.<br><\/p>\n\n\n\n<p>Le projet de budget 2026 pr\u00e9voit des r\u00e9ductions importantes pour l\u2019\u00e9conomie sociale et solidaire et une mesure fiscale pourrait co\u00fbter 198 \u00e0 327 millions \u20ac au secteur associatif.<br><br>30 % des associations ont moins de 3 mois de tr\u00e9sorerie. Certaines n\u2019ont aucune r\u00e9serve financi\u00e8re. R\u00e9sultats :<br><br>&#8211; Un tiers des associations r\u00e9duisent leurs actions<br>&#8211; Fermetures, licenciements, abandon de missions locales<br><\/p>\n\n\n\n<blockquote class=\"wp-block-quote is-layout-flow wp-block-quote-is-layout-flow\">\n<p>Agir par la mobilisation locale en Auvergne-Rh\u00f4ne-Alpes<\/p>\n<\/blockquote>\n\n\n\n<p>Notre mission est locale. Elle consiste \u00e0 mobiliser les ressources et les moyens humains en f\u00e9d\u00e9rant les \u00e9nergies de chacun, et en se concentrant sur la r\u00e9gion Auvergne-Rh\u00f4ne-Alpes avec une premi\u00e8re base forte \u00e0 Lyon.<\/p>\n\n\n\n<p>Pr\u00e8s de 30 000 associations \u00e0 missions solidaires et sociales sont concern\u00e9es sur notre territoire. Malheureusement, nous ne pourrons les aider toutes au m\u00eame niveau et en m\u00eame temps. <\/p>\n\n\n\n<p>Aussi, chaque ann\u00e9e, nous choisirons collectivement une cause \u00e0 d\u00e9fendre et nous identifierons, au terme d&rsquo;un processus de s\u00e9lection transparent, les associations qui, sur le territoire, se qualifient pour \u00eatre soutenues dans leurs actions.<\/p>\n\n\n\n<p>L&rsquo;effort de mobilisation passera par nos membres qui deviennent, lors de chaque campagne annuelle, les ambassadeurs de la cause et des associations s\u00e9lectionn\u00e9es.<\/p>\n\n\n\n<p>Chaque effort est une petite goutte d&rsquo;eau qui cumulativement peut alimenter certains besoins urgents. <\/p>\n\n\n\n<p>Restons mobilis\u00e9s et mobilisons \u00e0 notre tour !<\/p>\n\n\n\n<p><\/p>\n","protected":false},"excerpt":{"rendered":"<p>Solidaire des solidaires La r\u00e9alit\u00e9 actuelle est pr\u00e9occupante pour le milieu associatif avec un budget national actuellement dans l\u2019impasse et la baisse annonc\u00e9e des subventions publiques qui pourrait atteindre 40%. Ce sont pr\u00e8s de 1,4 million de structures qui sont menac\u00e9es \u00e0 l\u2019\u00e9chelle du pays, soit pr\u00e8s de deux millions de salari\u00e9s. Le poids social [&hellip;]<\/p>\n","protected":false},"author":1,"featured_media":0,"parent":0,"menu_order":0,"comment_status":"closed","ping_status":"open","template":"","meta":{"footnotes":""},"class_list":["post-2","page","type-page","status-publish","hentry"],"_links":{"self":[{"href":"https:\/\/solida-asso.org\/index.php?rest_route=\/wp\/v2\/pages\/2","targetHints":{"allow":["GET"]}}],"collection":[{"href":"https:\/\/solida-asso.org\/index.php?rest_route=\/wp\/v2\/pages"}],"about":[{"href":"https:\/\/solida-asso.org\/index.php?rest_route=\/wp\/v2\/types\/page"}],"author":[{"embeddable":true,"href":"https:\/\/solida-asso.org\/index.php?rest_route=\/wp\/v2\/users\/1"}],"replies":[{"embeddable":true,"href":"https:\/\/solida-asso.org\/index.php?rest_route=%2Fwp%2Fv2%2Fcomments&post=2"}],"version-history":[{"count":12,"href":"https:\/\/solida-asso.org\/index.php?rest_route=\/wp\/v2\/pages\/2\/revisions"}],"predecessor-version":[{"id":118,"href":"https:\/\/solida-asso.org\/index.php?rest_route=\/wp\/v2\/pages\/2\/revisions\/118"}],"wp:attachment":[{"href":"https:\/\/solida-asso.org\/index.php?rest_route=%2Fwp%2Fv2%2Fmedia&parent=2"}],"curies":[{"name":"wp","href":"https:\/\/api.w.org\/{rel}","templated":true}]}}